{"id":9,"date":"2025-08-11T07:47:23","date_gmt":"2025-08-11T07:47:23","guid":{"rendered":"https:\/\/kt247.vn\/wp\/?page_id=9"},"modified":"2025-08-13T16:33:35","modified_gmt":"2025-08-13T09:33:35","slug":"contact","status":"publish","type":"page","link":"https:\/\/kt247.vn\/wp\/?page_id=9","title":{"rendered":"Li\u00ean H\u1ec7"},"content":{"rendered":"\n<div class=\"wp-block-cover alignfull\" style=\"padding-right:0;padding-left:0;min-height:141px;aspect-ratio:unset;\"><span aria-hidden=\"true\" class=\"wp-block-cover__background has-nv-site-bg-background-color has-background-dim-100 has-background-dim\"><\/span><div class=\"wp-block-cover__inner-container is-layout-flow wp-block-cover-is-layout-flow\">\n<div class=\"wp-block-group\" style=\"padding-right:var(--wp--preset--spacing--30);padding-left:var(--wp--preset--spacing--30)\"><div class=\"wp-block-group__inner-container is-layout-flow wp-block-group-is-layout-flow\">\n<h1 class=\"wp-block-heading has-text-align-center has-text-align-left has-neve-text-color-color has-text-color\">Th\u00f4ng tin li\u00ean h\u1ec7<\/h1>\n<\/div><\/div>\n\n\n\n<p class=\"has-nv-dark-bg-color has-text-color has-link-color has-medium-font-size wp-elements-15e676deebac6a4761133e2fafbb62f6\"><strong>KT247<\/strong> lu\u00f4n&nbsp;\u0111\u1ed3ng h\u00e0nh c\u00f9ng v\u1edbi kh\u00e1ch h\u00e0ng v\u00e0 g\u00f3p ph\u1ea7n ph\u00e1t tri\u1ec3n x\u00e3 h\u1ed9i th\u00f4ng tin s\u1ed1 Vi\u1ec7t Nam.<\/p>\n<\/div><\/div>\n\n\n\n<div class=\"wp-block-cover alignfull\" style=\"min-height:420px;aspect-ratio:unset;\"><span aria-hidden=\"true\" class=\"wp-block-cover__background has-nv-light-bg-background-color has-background-dim-100 has-background-dim\"><\/span><div class=\"wp-block-cover__inner-container is-layout-flow wp-block-cover-is-layout-flow\">\n<div style=\"height:80px\" aria-hidden=\"true\" class=\"wp-block-spacer\"><\/div>\n\n\n\n<div class=\"wp-block-columns is-layout-flex wp-container-core-columns-is-layout-9d6595d7 wp-block-columns-is-layout-flex\">\n<div class=\"wp-block-column ticss-4ce656f1 is-layout-flow wp-block-column-is-layout-flow\" style=\"padding-right:var(--wp--preset--spacing--30);padding-left:var(--wp--preset--spacing--30)\">\n<div class=\"wp-block-group has-nv-site-bg-background-color has-background\" style=\"border-radius:24px\"><div class=\"wp-block-group__inner-container is-layout-flow wp-block-group-is-layout-flow\">\n<div style=\"height:24px\" aria-hidden=\"true\" class=\"wp-block-spacer\"><\/div>\n\n\n<div class=\"wp-block-image icon-style is-style-default\">\n<figure class=\"aligncenter size-full\"><img decoding=\"async\" src=\"https:\/\/kt247.vn\/wp\/wp-content\/themes\/neve\/assets\/img\/starter-content\/neve-marketing-icon-7.png\" alt=\"\"\/><\/figure><\/div>\n\n\n<div style=\"height:24px\" aria-hidden=\"true\" class=\"wp-block-spacer\"><\/div>\n\n\n\n<h3 class=\"wp-block-heading has-text-align-center has-neve-text-color-color has-text-color\">Hotline<\/h3>\n\n\n\n<p class=\"has-text-align-center has-neve-text-color-color has-text-color\" style=\"font-size:15px\">0936161799 \/ 0989158422 | Monday &#8211; Friday<\/p>\n\n\n\n<div style=\"height:24px\" aria-hidden=\"true\" class=\"wp-block-spacer\"><\/div>\n<\/div><\/div>\n<\/div>\n\n\n\n<div class=\"wp-block-column ticss-f6fc7494 is-layout-flow wp-block-column-is-layout-flow\" style=\"padding-right:var(--wp--preset--spacing--30);padding-left:var(--wp--preset--spacing--30)\">\n<div class=\"wp-block-group has-nv-site-bg-background-color has-background\" style=\"border-radius:24px\"><div class=\"wp-block-group__inner-container is-layout-flow wp-block-group-is-layout-flow\">\n<div style=\"height:24px\" aria-hidden=\"true\" class=\"wp-block-spacer\"><\/div>\n\n\n<div class=\"wp-block-image icon-style is-style-default\">\n<figure class=\"aligncenter size-full\"><img decoding=\"async\" src=\"https:\/\/kt247.vn\/wp\/wp-content\/themes\/neve\/assets\/img\/starter-content\/neve-marketing-icon-5.png\" alt=\"\"\/><\/figure><\/div>\n\n\n<div style=\"height:24px\" aria-hidden=\"true\" class=\"wp-block-spacer\"><\/div>\n\n\n\n<h3 class=\"wp-block-heading has-text-align-center has-neve-text-color-color has-text-color\">Email<\/h3>\n\n\n\n<p class=\"has-text-align-center has-neve-text-color-color has-text-color\" style=\"font-size:15px\">dvketoan247.hp@gmail.com<\/p>\n\n\n\n<div style=\"height:24px\" aria-hidden=\"true\" class=\"wp-block-spacer\"><\/div>\n<\/div><\/div>\n<\/div>\n\n\n\n<div class=\"wp-block-column ticss-a5b4df29 is-layout-flow wp-block-column-is-layout-flow\" style=\"padding-right:var(--wp--preset--spacing--30);padding-left:var(--wp--preset--spacing--30)\">\n<div class=\"wp-block-group has-nv-site-bg-background-color has-background\" style=\"border-radius:24px\"><div class=\"wp-block-group__inner-container is-layout-flow wp-block-group-is-layout-flow\">\n<div style=\"height:24px\" aria-hidden=\"true\" class=\"wp-block-spacer\"><\/div>\n\n\n<div class=\"wp-block-image icon-style is-style-default\">\n<figure class=\"aligncenter size-full\"><img decoding=\"async\" src=\"https:\/\/kt247.vn\/wp\/wp-content\/themes\/neve\/assets\/img\/starter-content\/neve-marketing-icon-6.png\" alt=\"\"\/><\/figure><\/div>\n\n\n<div style=\"height:24px\" aria-hidden=\"true\" class=\"wp-block-spacer\"><\/div>\n\n\n\n<h3 class=\"wp-block-heading has-text-align-center has-neve-text-color-color has-text-color\">Tr\u1ee5 s\u1edf<\/h3>\n\n\n\n<p class=\"has-text-align-center has-neve-text-color-color has-text-color\" style=\"font-size:15px\">20\/412 V\u0169 Ch\u00ed Th\u1eafng, An Bi\u00ean, H\u1ea3i Ph\u00f2ng<\/p>\n\n\n\n<div style=\"height:24px\" aria-hidden=\"true\" class=\"wp-block-spacer\"><\/div>\n<\/div><\/div>\n<\/div>\n<\/div>\n\n\n\n<div style=\"height:30px\" aria-hidden=\"true\" class=\"wp-block-spacer\"><\/div>\n<\/div><\/div>\n\n\n\n<div class=\"wp-block-cover alignfull\" style=\"min-height:600px;aspect-ratio:unset;\"><span aria-hidden=\"true\" class=\"wp-block-cover__background has-nv-dark-bg-background-color has-background-dim-100 has-background-dim\"><\/span><div class=\"wp-block-cover__inner-container is-layout-flow wp-block-cover-is-layout-flow\">\n<div class=\"wp-block-group\"><div class=\"wp-block-group__inner-container is-layout-flow wp-block-group-is-layout-flow\">\n\n<div style=\"height:80px\" aria-hidden=\"true\" class=\"wp-block-spacer\"><\/div>\n\n\n<div class=\"wp-block-cover\" style=\"border-radius:24px\"><span aria-hidden=\"true\" class=\"wp-block-cover__background has-neve-link-color-background-color has-background-dim\"><\/span><img decoding=\"async\" class=\"wp-block-cover__image-background\" alt=\"\" src=\"https:\/\/kt247.vn\/wp\/wp-content\/themes\/neve\/assets\/img\/starter-content\/neve-marketing-agency-25.png\" data-object-fit=\"cover\"\/><div class=\"wp-block-cover__inner-container is-layout-constrained wp-block-cover-is-layout-constrained\">\n\n<p class=\"has-text-align-center has-large-font-size\"><\/p>\n\n<\/div><\/div>\n\n\n<div style=\"height:40px\" aria-hidden=\"true\" class=\"wp-block-spacer\"><\/div>\n\n\n<div class=\"wp-block-columns is-layout-flex wp-container-core-columns-is-layout-9d6595d7 wp-block-columns-is-layout-flex\">\n\n<div class=\"wp-block-column is-layout-flow wp-block-column-is-layout-flow\" style=\"padding-right:var(--wp--preset--spacing--30);padding-left:var(--wp--preset--spacing--30);flex-basis:50%\">\n\n<h2 class=\"wp-block-heading has-nv-text-dark-bg-color has-text-color\">Send us a message or Come visit us<\/h2>\n\n\n<p class=\"has-white-color has-text-color\">Lorem ipsum dolor sit amet, consectetur adipiscing elit. Ut elit tellus, luctus nec ullamcorper mattis, pulvinar dapibus leo.<\/p>\n\n\n<ul class=\"wp-block-social-links has-normal-icon-size has-icon-color is-style-pill-shape is-layout-flex wp-block-social-links-is-layout-flex\">\n<li style=\"color: var(--nv-text-dark-bg); \" class=\"wp-social-link wp-social-link-facebook has-nv-text-dark-bg-color wp-block-social-link\"><a href=\"#\" class=\"wp-block-social-link-anchor\"><svg width=\"24\" height=\"24\" viewBox=\"0 0 24 24\" version=\"1.1\" xmlns=\"http:\/\/www.w3.org\/2000\/svg\" aria-hidden=\"true\" focusable=\"false\"><path d=\"M12 2C6.5 2 2 6.5 2 12c0 5 3.7 9.1 8.4 9.9v-7H7.9V12h2.5V9.8c0-2.5 1.5-3.9 3.8-3.9 1.1 0 2.2.2 2.2.2v2.5h-1.3c-1.2 0-1.6.8-1.6 1.6V12h2.8l-.4 2.9h-2.3v7C18.3 21.1 22 17 22 12c0-5.5-4.5-10-10-10z\"><\/path><\/svg><span class=\"wp-block-social-link-label screen-reader-text\">Facebook<\/span><\/a><\/li>\n<li style=\"color: var(--nv-text-dark-bg); \" class=\"wp-social-link wp-social-link-twitter has-nv-text-dark-bg-color wp-block-social-link\"><a href=\"#\" class=\"wp-block-social-link-anchor\"><svg width=\"24\" height=\"24\" viewBox=\"0 0 24 24\" version=\"1.1\" xmlns=\"http:\/\/www.w3.org\/2000\/svg\" aria-hidden=\"true\" focusable=\"false\"><path d=\"M22.23,5.924c-0.736,0.326-1.527,0.547-2.357,0.646c0.847-0.508,1.498-1.312,1.804-2.27 c-0.793,0.47-1.671,0.812-2.606,0.996C18.324,4.498,17.257,4,16.077,4c-2.266,0-4.103,1.837-4.103,4.103 c0,0.322,0.036,0.635,0.106,0.935C8.67,8.867,5.647,7.234,3.623,4.751C3.27,5.357,3.067,6.062,3.067,6.814 c0,1.424,0.724,2.679,1.825,3.415c-0.673-0.021-1.305-0.206-1.859-0.513c0,0.017,0,0.034,0,0.052c0,1.988,1.414,3.647,3.292,4.023 c-0.344,0.094-0.707,0.144-1.081,0.144c-0.264,0-0.521-0.026-0.772-0.074c0.522,1.63,2.038,2.816,3.833,2.85 c-1.404,1.1-3.174,1.756-5.096,1.756c-0.331,0-0.658-0.019-0.979-0.057c1.816,1.164,3.973,1.843,6.29,1.843 c7.547,0,11.675-6.252,11.675-11.675c0-0.178-0.004-0.355-0.012-0.531C20.985,7.47,21.68,6.747,22.23,5.924z\"><\/path><\/svg><span class=\"wp-block-social-link-label screen-reader-text\">Twitter<\/span><\/a><\/li>\n<li style=\"color: var(--nv-text-dark-bg); \" class=\"wp-social-link wp-social-link-google has-nv-text-dark-bg-color wp-block-social-link\"><a href=\"#\" class=\"wp-block-social-link-anchor\"><svg width=\"24\" height=\"24\" viewBox=\"0 0 24 24\" version=\"1.1\" xmlns=\"http:\/\/www.w3.org\/2000\/svg\" aria-hidden=\"true\" focusable=\"false\"><path d=\"M12.02,10.18v3.72v0.01h5.51c-0.26,1.57-1.67,4.22-5.5,4.22c-3.31,0-6.01-2.75-6.01-6.12s2.7-6.12,6.01-6.12 c1.87,0,3.13,0.8,3.85,1.48l2.84-2.76C16.99,2.99,14.73,2,12.03,2c-5.52,0-10,4.48-10,10s4.48,10,10,10c5.77,0,9.6-4.06,9.6-9.77 c0-0.83-0.11-1.42-0.25-2.05H12.02z\"><\/path><\/svg><span class=\"wp-block-social-link-label screen-reader-text\">Google<\/span><\/a><\/li>\n<\/ul>\n\n<\/div>\n\n\n<div style=\"height:40px\" aria-hidden=\"true\" class=\"wp-block-spacer\"><\/div>\n\n<\/div>\n\n<\/div><\/div><\/div>\n<\/div><\/div>\n","protected":false},"excerpt":{"rendered":"","protected":false},"author":1,"featured_media":0,"parent":0,"menu_order":0,"comment_status":"closed","ping_status":"closed","template":"","meta":{"pagelayer_contact_templates":[],"_pagelayer_content":"","neve_meta_sidebar":"","neve_meta_container":"","neve_meta_enable_content_width":"on","neve_meta_content_width":100,"neve_meta_title_alignment":"","neve_meta_author_avatar":"","neve_post_elements_order":"","neve_meta_disable_header":"","neve_meta_disable_footer":"","neve_meta_disable_title":"on","footnotes":""},"class_list":["post-9","page","type-page","status-publish","hentry"],"yoast_head":"<!-- This site is optimized with the Yoast SEO plugin v25.9 - https:\/\/yoast.com\/wordpress\/plugins\/seo\/ -->\n<title>Li\u00ean H\u1ec7 - KT247 CO., LTD<\/title>\n<meta name=\"robots\" content=\"index, follow, max-snippet:-1, max-image-preview:large, max-video-preview:-1\" \/>\n<link rel=\"canonical\" href=\"https:\/\/kt247.vn\/wp\/?page_id=9\" \/>\n<meta property=\"og:locale\" content=\"en_US\" \/>\n<meta property=\"og:type\" content=\"article\" \/>\n<meta property=\"og:title\" content=\"Li\u00ean H\u1ec7 - KT247 CO., LTD\" \/>\n<meta property=\"og:url\" content=\"https:\/\/kt247.vn\/wp\/?page_id=9\" \/>\n<meta property=\"og:site_name\" content=\"KT247 CO., LTD\" \/>\n<meta property=\"article:modified_time\" content=\"2025-08-13T09:33:35+00:00\" \/>\n<meta property=\"og:image\" content=\"https:\/\/kt247.vn\/wp\/wp-content\/themes\/neve\/assets\/img\/starter-content\/neve-marketing-icon-7.png\" \/>\n<meta name=\"twitter:card\" content=\"summary_large_image\" \/>\n<script type=\"application\/ld+json\" class=\"yoast-schema-graph\">{\"@context\":\"https:\/\/schema.org\",\"@graph\":[{\"@type\":\"WebPage\",\"@id\":\"https:\/\/kt247.vn\/wp\/?page_id=9\",\"url\":\"https:\/\/kt247.vn\/wp\/?page_id=9\",\"name\":\"Li\u00ean H\u1ec7 - KT247 CO., LTD\",\"isPartOf\":{\"@id\":\"https:\/\/kt247.vn\/wp\/#website\"},\"primaryImageOfPage\":{\"@id\":\"https:\/\/kt247.vn\/wp\/?page_id=9#primaryimage\"},\"image\":{\"@id\":\"https:\/\/kt247.vn\/wp\/?page_id=9#primaryimage\"},\"thumbnailUrl\":\"https:\/\/kt247.vn\/wp\/wp-content\/themes\/neve\/assets\/img\/starter-content\/neve-marketing-icon-7.png\",\"datePublished\":\"2025-08-11T07:47:23+00:00\",\"dateModified\":\"2025-08-13T09:33:35+00:00\",\"breadcrumb\":{\"@id\":\"https:\/\/kt247.vn\/wp\/?page_id=9#breadcrumb\"},\"inLanguage\":\"en-US\",\"potentialAction\":[{\"@type\":\"ReadAction\",\"target\":[\"https:\/\/kt247.vn\/wp\/?page_id=9\"]}]},{\"@type\":\"ImageObject\",\"inLanguage\":\"en-US\",\"@id\":\"https:\/\/kt247.vn\/wp\/?page_id=9#primaryimage\",\"url\":\"https:\/\/kt247.vn\/wp\/wp-content\/themes\/neve\/assets\/img\/starter-content\/neve-marketing-icon-7.png\",\"contentUrl\":\"https:\/\/kt247.vn\/wp\/wp-content\/themes\/neve\/assets\/img\/starter-content\/neve-marketing-icon-7.png\"},{\"@type\":\"BreadcrumbList\",\"@id\":\"https:\/\/kt247.vn\/wp\/?page_id=9#breadcrumb\",\"itemListElement\":[{\"@type\":\"ListItem\",\"position\":1,\"name\":\"Home\",\"item\":\"https:\/\/kt247.vn\/wp\/\"},{\"@type\":\"ListItem\",\"position\":2,\"name\":\"Li\u00ean H\u1ec7\"}]},{\"@type\":\"WebSite\",\"@id\":\"https:\/\/kt247.vn\/wp\/#website\",\"url\":\"https:\/\/kt247.vn\/wp\/\",\"name\":\"KT247 CO., LTD\",\"description\":\"KT247\",\"publisher\":{\"@id\":\"https:\/\/kt247.vn\/wp\/#organization\"},\"potentialAction\":[{\"@type\":\"SearchAction\",\"target\":{\"@type\":\"EntryPoint\",\"urlTemplate\":\"https:\/\/kt247.vn\/wp\/?s={search_term_string}\"},\"query-input\":{\"@type\":\"PropertyValueSpecification\",\"valueRequired\":true,\"valueName\":\"search_term_string\"}}],\"inLanguage\":\"en-US\"},{\"@type\":\"Organization\",\"@id\":\"https:\/\/kt247.vn\/wp\/#organization\",\"name\":\"KT247 CO., LTD\",\"url\":\"https:\/\/kt247.vn\/wp\/\",\"logo\":{\"@type\":\"ImageObject\",\"inLanguage\":\"en-US\",\"@id\":\"https:\/\/kt247.vn\/wp\/#\/schema\/logo\/image\/\",\"url\":\"https:\/\/kt247.vn\/wp\/wp-content\/uploads\/2025\/08\/cropped-logo-247.jpg\",\"contentUrl\":\"https:\/\/kt247.vn\/wp\/wp-content\/uploads\/2025\/08\/cropped-logo-247.jpg\",\"width\":512,\"height\":512,\"caption\":\"KT247 CO., LTD\"},\"image\":{\"@id\":\"https:\/\/kt247.vn\/wp\/#\/schema\/logo\/image\/\"}}]}<\/script>\n<!-- \/ Yoast SEO plugin. -->","yoast_head_json":{"title":"Li\u00ean H\u1ec7 - KT247 CO., LTD","robots":{"index":"index","follow":"follow","max-snippet":"max-snippet:-1","max-image-preview":"max-image-preview:large","max-video-preview":"max-video-preview:-1"},"canonical":"https:\/\/kt247.vn\/wp\/?page_id=9","og_locale":"en_US","og_type":"article","og_title":"Li\u00ean H\u1ec7 - KT247 CO., LTD","og_url":"https:\/\/kt247.vn\/wp\/?page_id=9","og_site_name":"KT247 CO., LTD","article_modified_time":"2025-08-13T09:33:35+00:00","og_image":[{"url":"https:\/\/kt247.vn\/wp\/wp-content\/themes\/neve\/assets\/img\/starter-content\/neve-marketing-icon-7.png","type":"","width":"","height":""}],"twitter_card":"summary_large_image","schema":{"@context":"https:\/\/schema.org","@graph":[{"@type":"WebPage","@id":"https:\/\/kt247.vn\/wp\/?page_id=9","url":"https:\/\/kt247.vn\/wp\/?page_id=9","name":"Li\u00ean H\u1ec7 - KT247 CO., LTD","isPartOf":{"@id":"https:\/\/kt247.vn\/wp\/#website"},"primaryImageOfPage":{"@id":"https:\/\/kt247.vn\/wp\/?page_id=9#primaryimage"},"image":{"@id":"https:\/\/kt247.vn\/wp\/?page_id=9#primaryimage"},"thumbnailUrl":"https:\/\/kt247.vn\/wp\/wp-content\/themes\/neve\/assets\/img\/starter-content\/neve-marketing-icon-7.png","datePublished":"2025-08-11T07:47:23+00:00","dateModified":"2025-08-13T09:33:35+00:00","breadcrumb":{"@id":"https:\/\/kt247.vn\/wp\/?page_id=9#breadcrumb"},"inLanguage":"en-US","potentialAction":[{"@type":"ReadAction","target":["https:\/\/kt247.vn\/wp\/?page_id=9"]}]},{"@type":"ImageObject","inLanguage":"en-US","@id":"https:\/\/kt247.vn\/wp\/?page_id=9#primaryimage","url":"https:\/\/kt247.vn\/wp\/wp-content\/themes\/neve\/assets\/img\/starter-content\/neve-marketing-icon-7.png","contentUrl":"https:\/\/kt247.vn\/wp\/wp-content\/themes\/neve\/assets\/img\/starter-content\/neve-marketing-icon-7.png"},{"@type":"BreadcrumbList","@id":"https:\/\/kt247.vn\/wp\/?page_id=9#breadcrumb","itemListElement":[{"@type":"ListItem","position":1,"name":"Home","item":"https:\/\/kt247.vn\/wp\/"},{"@type":"ListItem","position":2,"name":"Li\u00ean H\u1ec7"}]},{"@type":"WebSite","@id":"https:\/\/kt247.vn\/wp\/#website","url":"https:\/\/kt247.vn\/wp\/","name":"KT247 CO., LTD","description":"KT247","publisher":{"@id":"https:\/\/kt247.vn\/wp\/#organization"},"potentialAction":[{"@type":"SearchAction","target":{"@type":"EntryPoint","urlTemplate":"https:\/\/kt247.vn\/wp\/?s={search_term_string}"},"query-input":{"@type":"PropertyValueSpecification","valueRequired":true,"valueName":"search_term_string"}}],"inLanguage":"en-US"},{"@type":"Organization","@id":"https:\/\/kt247.vn\/wp\/#organization","name":"KT247 CO., LTD","url":"https:\/\/kt247.vn\/wp\/","logo":{"@type":"ImageObject","inLanguage":"en-US","@id":"https:\/\/kt247.vn\/wp\/#\/schema\/logo\/image\/","url":"https:\/\/kt247.vn\/wp\/wp-content\/uploads\/2025\/08\/cropped-logo-247.jpg","contentUrl":"https:\/\/kt247.vn\/wp\/wp-content\/uploads\/2025\/08\/cropped-logo-247.jpg","width":512,"height":512,"caption":"KT247 CO., LTD"},"image":{"@id":"https:\/\/kt247.vn\/wp\/#\/schema\/logo\/image\/"}}]}},"_links":{"self":[{"href":"https:\/\/kt247.vn\/wp\/index.php?rest_route=\/wp\/v2\/pages\/9","targetHints":{"allow":["GET"]}}],"collection":[{"href":"https:\/\/kt247.vn\/wp\/index.php?rest_route=\/wp\/v2\/pages"}],"about":[{"href":"https:\/\/kt247.vn\/wp\/index.php?rest_route=\/wp\/v2\/types\/page"}],"author":[{"embeddable":true,"href":"https:\/\/kt247.vn\/wp\/index.php?rest_route=\/wp\/v2\/users\/1"}],"replies":[{"embeddable":true,"href":"https:\/\/kt247.vn\/wp\/index.php?rest_route=%2Fwp%2Fv2%2Fcomments&post=9"}],"version-history":[{"count":4,"href":"https:\/\/kt247.vn\/wp\/index.php?rest_route=\/wp\/v2\/pages\/9\/revisions"}],"predecessor-version":[{"id":158,"href":"https:\/\/kt247.vn\/wp\/index.php?rest_route=\/wp\/v2\/pages\/9\/revisions\/158"}],"wp:attachment":[{"href":"https:\/\/kt247.vn\/wp\/index.php?rest_route=%2Fwp%2Fv2%2Fmedia&parent=9"}],"curies":[{"name":"wp","href":"https:\/\/api.w.org\/{rel}","templated":true}]}}